{"id":7416,"date":"2016-06-09T22:35:53","date_gmt":"2016-06-09T22:35:53","guid":{"rendered":"https:\/\/laborcsomagok.kelen.hu\/en\/?page_id=7416"},"modified":"2016-06-14T09:01:00","modified_gmt":"2016-06-14T09:01:00","slug":"rendelesi-idok","status":"publish","type":"page","link":"https:\/\/laborcsomagok.kelen.hu\/en\/our-services\/rendelesi-idok\/","title":{"rendered":"Rendel\u00e9si id\u0151k"},"content":{"rendered":"<p>[vc_row][vc_column][vc_column_text]<\/p>\n<h4><strong>Kedves P\u00e1cienseink!<\/strong><\/h4>\n<p>A Kelen K\u00f3rh\u00e1zba a betegek el\u0151jegyz\u00e9s alapj\u00e1n az el\u0151re egyeztetett id\u0151pontban ker\u00fclnek ell\u00e1t\u00e1sra. Egy-egy beteg ell\u00e1t\u00e1s\u00e1ra 20-30 perc id\u0151t ford\u00edtunk.<br \/>\nAmennyiben az egyeztetett id\u0151pontn\u00e1l \u2013 valami akad\u00e1ly miatt \u2013 t\u00f6bb mint 15 perccel k\u00e9s\u0151bb \u00e9rkezn\u00e9nek, k\u00e9rj\u00fck k\u00e9rjenek \u00faj id\u0151pontot, hogy az id\u0151pontra pontosan \u00e9rkez\u0151 beteg ell\u00e1t\u00e1s\u00e1t biztos\u00edtani tudjuk.<br \/>\nRendel\u00e9si id\u0151pontok v\u00e1ltozhatnak,\u00e9rdekl\u0151dj\u00f6n recepci\u00f3nkon.[\/vc_column_text][\/vc_column][\/vc_row][vc_row][vc_column][vc_column_text el_class=&#8221;hidden-xs&#8221;]<\/p>\n<h3><strong>Kelen K\u00f3rh\u00e1z Kft-ben v\u00e9gzett OEP finansz\u00edrozott rendel\u00e9sek<\/strong><\/h3>\n<p>[\/vc_column_text][vc_column_text el_class=&#8221;hidden-xs&#8221;]<\/p>\n<table class=\"rendeles table table-bordered table-striped\">\n<thead>\n<tr>\n<th>Szakrendel\u00e9sek<\/th>\n<th>H\u00e9tf\u0151<\/th>\n<th>Kedd<\/th>\n<th>Szerda<\/th>\n<th>Cs\u00fct\u00f6rt\u00f6k<\/th>\n<th>P\u00e9ntek<\/th>\n<\/tr>\n<\/thead>\n<tbody>\n<tr>\n<th>Belgy\u00f3gy\u00e1szat<\/th>\n<td><\/td>\n<td>16:30-18:00<\/td>\n<td>8:00-11:00<\/td>\n<td>8:00-10:00, 17:00-18:30<\/td>\n<td>8:00-9:00<\/td>\n<\/tr>\n<tr>\n<th>R\u00f6ntgen<\/th>\n<td><\/td>\n<td>9:00-9:30<\/td>\n<td>9:00-12:00<\/td>\n<td>9:00-9:30<\/td>\n<td><\/td>\n<\/tr>\n<tr>\n<th>B\u0151rgy\u00f3gy\u00e1szat<\/th>\n<td><\/td>\n<td>12:00-13:30<\/td>\n<td>13:30-17:00<\/td>\n<td><\/td>\n<td><\/td>\n<\/tr>\n<tr>\n<th>Gyemekseb\u00e9szet<\/th>\n<td><\/td>\n<td>13:00-19:00<\/td>\n<td><\/td>\n<td>\n<div class=\"col-xs-12\">P\u00e1ros h\u00e9ten 13:00-19:00<\/div>\n<div class=\"col-xs-12\">P\u00e1ratlan h\u00e9ten 13:00-18:00<\/div>\n<\/td>\n<td>2 hetente 8:00-14:00<\/td>\n<\/tr>\n<tr>\n<th>Kardiol\u00f3gia<\/th>\n<td>8:00-12:00, 14:00-17:00<\/td>\n<td>8:00-10:00, 14:00-17:00<\/td>\n<td>8:00-11:00, 14:00-17:00<\/td>\n<td>8:00-10:00, 13:00-14:00<\/td>\n<td>15:00-17:00<\/td>\n<\/tr>\n<tr>\n<th>N\u0151gy\u00f3gy\u00e1szat<\/th>\n<td><\/td>\n<td><\/td>\n<td><\/td>\n<td>8:00-9:00<\/td>\n<td><\/td>\n<\/tr>\n<tr>\n<th>Ortop\u00e9dia<\/th>\n<td>14:00-16:30<\/td>\n<td>15:00-18:00<\/td>\n<td>8:00-12:00, 10:30-12:00<\/td>\n<td>8:00-10:00, 9:00-10:00<\/td>\n<td><\/td>\n<\/tr>\n<tr>\n<th>Seb\u00e9szet<\/th>\n<td>11:00-12:00<\/td>\n<td>12:00-14:00<\/td>\n<td>12:00-14:00, 13:00-14:00<\/td>\n<td>12:00-14:00<\/td>\n<td><\/td>\n<\/tr>\n<tr>\n<th>Ultrahang<\/th>\n<td><\/td>\n<td>12:00-13:00<\/td>\n<td><\/td>\n<td>8:00-<br \/>\n9:00<\/td>\n<td><\/td>\n<\/tr>\n<tr>\n<th>Urol\u00f3gia<\/th>\n<td><\/td>\n<td><\/td>\n<td><\/td>\n<td>11:00-12:00<\/td>\n<td><\/td>\n<\/tr>\n<tr>\n<th>Aneszteziol\u00f3gia<\/th>\n<td>15:00-16:00<\/td>\n<td>9:00-10:00<\/td>\n<td>11:00-12:00<\/td>\n<td>9:00-10:00<\/td>\n<td><\/td>\n<\/tr>\n<\/tbody>\n<tfoot>\n<tr>\n<th><\/th>\n<th>H\u00e9tf\u0151<\/th>\n<th>Kedd<\/th>\n<th>Szerda<\/th>\n<th>Cs\u00fct\u00f6rt\u00f6k<\/th>\n<th>P\u00e9ntek<\/th>\n<\/tr>\n<\/tfoot>\n<\/table>\n<p>[\/vc_column_text][vc_column_text el_class=&#8221;visible-xs&#8221;]<\/p>\n<h2>Szakrendel\u00e9sek:<\/h2>\n<h3>Belgy\u00f3gy\u00e1szat:<\/h3>\n<ul>\n<li>Kedd: <strong>16:30-18:00<\/strong><\/li>\n<li>Szerda: <strong>8:00-11:00<\/strong><\/li>\n<li>Cs\u00fct\u00f6rt\u00f6k: <strong>8:00-10:00, 17:00-18:30<\/strong><\/li>\n<li>P\u00e9ntek: <strong>8:00-9:00<\/strong><\/li>\n<\/ul>\n<h3>R\u00f6ntgen:<\/h3>\n<ul>\n<li>Kedd: <strong>9:00-9:30<\/strong><\/li>\n<li>Szerda: <strong>9:00-12:00<\/strong><\/li>\n<li>Cs\u00fct\u00f6rt\u00f6k: <strong>8:00-10:00, 17:00-18:30<\/strong><\/li>\n<li>P\u00e9ntek: <strong>9:00-9:30<\/strong><\/li>\n<\/ul>\n<h3>B\u0151rgy\u00f3gy\u00e1szat:<\/h3>\n<ul>\n<li>Kedd: <strong>12:00-13:30<\/strong><\/li>\n<li>Szerda: <strong>13:30-17:00<\/strong><\/li>\n<\/ul>\n<h3>Gyemekseb\u00e9szet:<\/h3>\n<ul>\n<li>Kedd: <strong>13:00-19:00<\/strong><\/li>\n<li>Cs\u00fct\u00f6rt\u00f6k: <strong>P\u00e1ros h\u00e9ten 13:00-19:00 P\u00e1ratlan h\u00e9ten 13:00-18:00<\/strong><\/li>\n<li>P\u00e9ntek: <strong>2 hetente 8:00-14:00<\/strong><\/li>\n<\/ul>\n<h3>Kardiol\u00f3gia:<\/h3>\n<ul>\n<li>H\u00e9tf\u0151: <strong>8:00-12:00, 14:00-17:00<\/strong><\/li>\n<li>Kedd: <strong>8:00-10:00, 14:00-17:00<\/strong><\/li>\n<li>Szerda: <strong>8:00-11:00, 14:00-17:00<\/strong><\/li>\n<li>Cs\u00fct\u00f6rt\u00f6k: <strong>8:00-10:00, 13:00-14:00<\/strong><\/li>\n<li>P\u00e9ntek: <strong>15:00-17:00<\/strong><\/li>\n<\/ul>\n<h3>N\u0151gy\u00f3gy\u00e1szat:<\/h3>\n<ul>\n<li>Cs\u00fct\u00f6rt\u00f6k: <strong>8:00-9:00<\/strong><\/li>\n<\/ul>\n<h3>Ortop\u00e9dia:<\/h3>\n<ul>\n<li>H\u00e9tf\u0151: <strong>14:00-16:30<\/strong><\/li>\n<li>Kedd: <strong>15:00-18:00<\/strong><\/li>\n<li>Szerda: <strong>8:00-12:00, 10:30-12:00<\/strong><\/li>\n<li>Cs\u00fct\u00f6rt\u00f6k: <strong>8:00-10:00, 9:00-10:00<\/strong><\/li>\n<\/ul>\n<h3>Seb\u00e9szet:<\/h3>\n<ul>\n<li>H\u00e9tf\u0151: <strong>11:00-12:00<\/strong><\/li>\n<li>Kedd: <strong>12:00-14:00<\/strong><\/li>\n<li>Szerda: <strong>12:00-14:00, 13:00-14:00<\/strong><\/li>\n<li>Cs\u00fct\u00f6rt\u00f6k: <strong>12:00-14:00<\/strong><\/li>\n<\/ul>\n<h3>Ultrahang:<\/h3>\n<ul>\n<li>Kedd: <strong>12:00-13:00<\/strong><\/li>\n<li>Cs\u00fct\u00f6rt\u00f6k: <strong>8:00- 9:00<\/strong><\/li>\n<\/ul>\n<h3>Urol\u00f3gia:<\/h3>\n<ul>\n<li>Cs\u00fct\u00f6rt\u00f6k: <strong>11:00-12:00<\/strong><\/li>\n<\/ul>\n<h3>Aneszteziol\u00f3gia:<\/h3>\n<ul>\n<li>H\u00e9tf\u0151: <strong>15:00-16:00<\/strong><\/li>\n<li>Kedd: <strong>9:00-10:00<\/strong><\/li>\n<li>Szerda: <strong>11:00-12:00<\/strong><\/li>\n<li>Cs\u00fct\u00f6rt\u00f6k: <strong>9:00-10:00<\/strong><\/li>\n<\/ul>\n<p>[\/vc_column_text][vc_empty_space height=&#8221;25px&#8221;][vc_separator][\/vc_column][\/vc_row][vc_row][vc_column][vc_column_text el_class=&#8221;hidden-xs&#8221;]<\/p>\n<h3><strong>Kelen K\u00f3rh\u00e1z Kft-ben v\u00e9gzett mag\u00e1nrendel\u00e9sek<\/strong><\/h3>\n<p>[\/vc_column_text][vc_column_text el_class=&#8221;hidden-xs&#8221;]<\/p>\n<table class=\"rendeles table table-bordered table-striped\">\n<thead>\n<tr>\n<th>Szakrendel\u00e9sek<\/th>\n<th>H\u00e9tf\u0151<\/th>\n<th>Kedd<\/th>\n<th>Szerda<\/th>\n<th>Cs\u00fct\u00f6rt\u00f6k<\/th>\n<th>P\u00e9ntek<\/th>\n<\/tr>\n<\/thead>\n<tbody>\n<tr>\n<th>Belgy\u00f3gy\u00e1szat<\/th>\n<td><\/td>\n<td>14:00-16:30<\/td>\n<td>11:00-12:00<\/td>\n<td>10:00-17:00, 18:30-19:00<\/td>\n<td><\/td>\n<\/tr>\n<tr>\n<th>R\u00f6ntgen<\/th>\n<td><\/td>\n<td>9:30-11:30<\/td>\n<td>13:00-14:00<\/td>\n<td>9:30-15:30<\/td>\n<td><\/td>\n<\/tr>\n<tr>\n<th>B\u0151rgy\u00f3gy\u00e1szat<\/th>\n<td><\/td>\n<td>8:00-12:00<\/td>\n<td>17:00-18:30<\/td>\n<td><\/td>\n<td>2 hetente p\u00e9ntek 13:30-15:30<\/td>\n<\/tr>\n<tr>\n<th height=\"51\">Gyermekseb\u00e9szet<\/th>\n<td>h\u00f3nap utols\u00f3 h\u00e9tf\u0151j\u00e9n 13:00-16:00<\/td>\n<td><\/td>\n<td>8:00-12:00<\/td>\n<td>2 hetente 18:00-19:00<\/td>\n<td>2 hetente 13:00-14:00<\/td>\n<\/tr>\n<tr>\n<th>Kardiol\u00f3gia<\/th>\n<td>17:00-18:00<\/td>\n<td>10:00-12:00, 17:00-18:00<\/td>\n<td>11:00-12:00, 17:00-18:00<\/td>\n<td>10:00-12:00<\/td>\n<td>9:00-12:00<\/td>\n<\/tr>\n<tr>\n<th>N\u0151gy\u00f3gy\u00e1szat<\/th>\n<td><\/td>\n<td><\/td>\n<td><\/td>\n<td>2 hetente 9:00-13:00<\/td>\n<td><\/td>\n<\/tr>\n<tr>\n<th>Ortop\u00e9dia<\/th>\n<td>15:00-16:00<\/td>\n<td><\/td>\n<td>12:00-13:00<\/td>\n<td>16:00-18:00<\/td>\n<td><\/td>\n<\/tr>\n<tr>\n<th>Seb\u00e9szet<\/th>\n<td>12:00-13:00<\/td>\n<td>11:00-12:00<\/td>\n<td>14:00-15:00<\/td>\n<td>10:00-12:00<\/td>\n<td><\/td>\n<\/tr>\n<tr>\n<th>Ultrahang<\/th>\n<td><\/td>\n<td>13:00-13:45<\/td>\n<td><\/td>\n<td>9:00-11:00<\/td>\n<td><\/td>\n<\/tr>\n<tr>\n<th>Urol\u00f3gia<\/th>\n<td><\/td>\n<td><\/td>\n<td>16:00-18:00<\/td>\n<td>9:00-11:00<\/td>\n<td><\/td>\n<\/tr>\n<tr>\n<th>Pszichi\u00e1tria<\/th>\n<td><\/td>\n<td><\/td>\n<td>14:00-16:00<\/td>\n<td><\/td>\n<td><\/td>\n<\/tr>\n<tr>\n<th>Pajzsmirigy rendel\u00e9s<\/th>\n<td><\/td>\n<td><\/td>\n<td><\/td>\n<td>16:00-18:00<\/td>\n<td><\/td>\n<\/tr>\n<tr>\n<th>Neurol\u00f3gia<\/th>\n<td>14:00-15:30<\/td>\n<td><\/td>\n<td><\/td>\n<td><\/td>\n<td><\/td>\n<\/tr>\n<tr>\n<th>Foglalkoz\u00e1s eg\u00e9szs\u00e9g\u00fcgy<\/th>\n<td>9:00-12:00<\/td>\n<td><\/td>\n<td>8:00-12:00<\/td>\n<td><\/td>\n<td><\/td>\n<\/tr>\n<tr>\n<th>F\u00fcl orr g\u00e9g\u00e9szet<\/th>\n<td>17:30-20:00<\/td>\n<td><\/td>\n<td><\/td>\n<td>2 hetente 17:00-19:00<\/td>\n<td><\/td>\n<\/tr>\n<tr>\n<th>Szem\u00e9szet<\/th>\n<td><\/td>\n<td>13:00-14:00<\/td>\n<td><\/td>\n<td>8:30-13:00<\/td>\n<td><\/td>\n<\/tr>\n<tr>\n<th>Gasztroenterol\u00f3gia<\/th>\n<td>16:00-19:00, 17:00-19:00<\/td>\n<td><\/td>\n<td>14:00-18:00<\/td>\n<td>8:00-11:30, 16:00-18:00<\/td>\n<td><\/td>\n<\/tr>\n<tr>\n<th height=\"40\">Reumatol\u00f3gia<\/th>\n<td><\/td>\n<td><\/td>\n<td><\/td>\n<td>2 hetente 9:00-17:00<\/td>\n<td><\/td>\n<\/tr>\n<tr>\n<th>Fog\u00e1szat<\/th>\n<td><\/td>\n<td>2 hetente<br \/>\n14:30-<br \/>\n18:00<\/td>\n<td><\/td>\n<td><\/td>\n<td><\/td>\n<\/tr>\n<tr>\n<th height=\"51\">Angiol\u00f3gia<\/th>\n<td><\/td>\n<td><\/td>\n<td>Minden h\u00f3nap utols\u00f3 p\u00e1ros h\u00e9t 9:00-12:00<\/td>\n<td><\/td>\n<td><\/td>\n<\/tr>\n<tr>\n<th>Diabetol\u00f3gia<\/th>\n<td><\/td>\n<td><\/td>\n<td>9:30-12:00<\/td>\n<td><\/td>\n<td><\/td>\n<\/tr>\n<tr>\n<th>Nephrol\u00f3gia<\/th>\n<td><\/td>\n<td><\/td>\n<td>9:30-12:00<\/td>\n<td><\/td>\n<td><\/td>\n<\/tr>\n<tr>\n<th>Dietetika<\/th>\n<td><\/td>\n<td>16:30-18:00<\/td>\n<td><\/td>\n<td><\/td>\n<td><\/td>\n<\/tr>\n<tr>\n<th>Pulmonol\u00f3giai tan\u00e1csad\u00e1s<\/th>\n<td><\/td>\n<td>16:30-18:00<\/td>\n<td><\/td>\n<td><\/td>\n<td><\/td>\n<\/tr>\n<tr>\n<th>Gyermek gasztroenterol\u00f3gia<\/th>\n<td><\/td>\n<td><\/td>\n<td><\/td>\n<td>2 hetente 16:00-18:00<\/td>\n<td><\/td>\n<\/tr>\n<\/tbody>\n<tfoot>\n<tr>\n<th><\/th>\n<th>H\u00e9tf\u0151<\/th>\n<th>Kedd<\/th>\n<th>Szerda<\/th>\n<th>Cs\u00fct\u00f6rt\u00f6k<\/th>\n<th>P\u00e9ntek<\/th>\n<\/tr>\n<\/tfoot>\n<\/table>\n<p>[\/vc_column_text][vc_column_text el_class=&#8221;visible-xs&#8221;]<\/p>\n<h2>Kelen K\u00f3rh\u00e1z Kft-ben v\u00e9gzett mag\u00e1nrendel\u00e9sek<\/h2>\n<h3>Belgy\u00f3gy\u00e1szat<\/h3>\n<ul>\n<li>Kedd: <strong>14:00-16:30<\/strong><\/li>\n<li>Szerda: <strong>11:00-12:00<\/strong><\/li>\n<li>Cs\u00fct\u00f6rt\u00f6k: <strong>10:00-17:00, 18:30-19:00<\/strong><\/li>\n<\/ul>\n<h3>R\u00f6ntgen<\/h3>\n<ul>\n<li>Kedd: <strong>9:30-11:30<\/strong><\/li>\n<li>Szerda: <strong>13:00-14:00<\/strong><\/li>\n<li>Cs\u00fct\u00f6rt\u00f6k: <strong>9:30-15:30<\/strong><\/li>\n<\/ul>\n<h3>B\u0151rgy\u00f3gy\u00e1szat<\/h3>\n<ul>\n<li>Kedd: <strong>8:00-12:00<\/strong><\/li>\n<li>Szerda: <strong>17:00-18:30<\/strong><\/li>\n<li>P\u00e9ntek: <strong>2 hetente p\u00e9ntek 13:30-15:30<\/strong><\/li>\n<\/ul>\n<h3>Gyermekseb\u00e9szet<\/h3>\n<ul>\n<li>H\u00e9tf\u0151: <strong>h\u00f3nap utols\u00f3 h\u00e9tf\u0151j\u00e9n 13:00-16:00<\/strong><\/li>\n<li>Szerda: <strong>8:00-12:00<\/strong><\/li>\n<li>Cs\u00fct\u00f6rt\u00f6k: <strong>2 hetente 18:00-19:00<\/strong><\/li>\n<li>P\u00e9ntek: <strong>2 hetente 13:00-14:00<\/strong><\/li>\n<\/ul>\n<h3>Kardiol\u00f3gia<\/h3>\n<ul>\n<li>H\u00e9tf\u0151: <strong>17:00-18:00<\/strong><\/li>\n<li>Kedd: <strong>10:00-12:00, 17:00-18:00<\/strong><\/li>\n<li>Szerda: <strong>11:00-12:00, 17:00-18:00<\/strong><\/li>\n<li>Cs\u00fct\u00f6rt\u00f6k: <strong>10:00-12:00<\/strong><\/li>\n<li>P\u00e9ntek: <strong>9:00-12:00<\/strong><\/li>\n<\/ul>\n<h3>N\u0151gy\u00f3gy\u00e1szat<\/h3>\n<ul>\n<li>Cs\u00fct\u00f6rt\u00f6k: <strong>2 hetente 9:00-13:00<\/strong><\/li>\n<\/ul>\n<h3>Ortop\u00e9dia<\/h3>\n<ul>\n<li>H\u00e9tf\u0151: <strong>15:00-16:00<\/strong><\/li>\n<li>Szerda: <strong>12:00-13:00<\/strong><\/li>\n<li>Cs\u00fct\u00f6rt\u00f6k: <strong>16:00-18:00<\/strong><\/li>\n<\/ul>\n<h3>Seb\u00e9szet<\/h3>\n<ul>\n<li>H\u00e9tf\u0151: <strong>12:00-13:00<\/strong><\/li>\n<li>Kedd: <strong>11:00-12:00<\/strong><\/li>\n<li>Szerda: <strong>14:00-15:00<\/strong><\/li>\n<li>Cs\u00fct\u00f6rt\u00f6k: <strong>10:00-12:00<\/strong><\/li>\n<\/ul>\n<h3>Ultrahang<\/h3>\n<ul>\n<li>Kedd: <strong>13:00-13:45<\/strong><\/li>\n<li>Cs\u00fct\u00f6rt\u00f6k: <strong>9:00-11:00<\/strong><\/li>\n<\/ul>\n<h3>Urol\u00f3gia<\/h3>\n<ul>\n<li>Szerda: <strong>16:00-18:00<\/strong><\/li>\n<li>Cs\u00fct\u00f6rt\u00f6k: <strong>9:00-11:00<\/strong><\/li>\n<\/ul>\n<h3>Pszichi\u00e1tria<\/h3>\n<ul>\n<li>Szerda: <strong>14:00-16:00<\/strong><\/li>\n<\/ul>\n<h3>Pajzsmirigy rendel\u00e9s<\/h3>\n<ul>\n<li>Cs\u00fct\u00f6rt\u00f6k: <strong>16:00-18:00<\/strong><\/li>\n<\/ul>\n<h3>Neurol\u00f3gia<\/h3>\n<ul>\n<li>H\u00e9tf\u0151: <strong>14:00-15:30<\/strong><\/li>\n<\/ul>\n<h3>Foglalkoz\u00e1s eg\u00e9szs\u00e9g\u00fcgy<\/h3>\n<ul>\n<li>H\u00e9tf\u0151: <strong>9:00-12:00<\/strong><\/li>\n<li>Szerda: <strong>8:00-12:00<\/strong><\/li>\n<\/ul>\n<h3>F\u00fcl orr g\u00e9g\u00e9szet<\/h3>\n<ul>\n<li>H\u00e9tf\u0151: <strong>17:30-20:00<\/strong><\/li>\n<li>Cs\u00fct\u00f6rt\u00f6k: <strong>2 hetente 17:00-19:00<\/strong><\/li>\n<\/ul>\n<h3>Szem\u00e9szet<\/h3>\n<ul>\n<li>Kedd: <strong>13:00-14:00<\/strong><\/li>\n<li>Cs\u00fct\u00f6rt\u00f6k: <strong>8:30-13:00<\/strong><\/li>\n<\/ul>\n<h3>Gasztroenterol\u00f3gia<\/h3>\n<ul>\n<li>H\u00e9tf\u0151: <strong>16:00-19:00, 17:00-19:00<\/strong><\/li>\n<li>Szerda: <strong>14:00-18:00<\/strong><\/li>\n<li>Cs\u00fct\u00f6rt\u00f6k: <strong>8:00-11:30, 16:00-18:00<\/strong><\/li>\n<\/ul>\n<h3>Reumatol\u00f3gia<\/h3>\n<ul>\n<li>Cs\u00fct\u00f6rt\u00f6k: <strong>2 hetente 9:00-17:00<\/strong><\/li>\n<\/ul>\n<h3>Fog\u00e1szat<\/h3>\n<ul>\n<li>Kedd: <strong>2 hetente 14:30- 18:00<\/strong><\/li>\n<\/ul>\n<h3>Angiol\u00f3gia<\/h3>\n<ul>\n<li>Szerda: <strong>Minden h\u00f3nap utols\u00f3 p\u00e1ros h\u00e9t 9:00-12:00<\/strong><\/li>\n<\/ul>\n<h3>Diabetol\u00f3gia<\/h3>\n<ul>\n<li>Szerda: <strong>9:30-12:00<\/strong><\/li>\n<\/ul>\n<h3>Nephrol\u00f3gia<\/h3>\n<ul>\n<li>Szerda: <strong>9:30-12:00<\/strong><\/li>\n<\/ul>\n<h3>Dietetika<\/h3>\n<ul>\n<li>Kedd: <strong>16:30-18:00<\/strong><\/li>\n<\/ul>\n<h3>Pulmonol\u00f3giai tan\u00e1csad\u00e1s<\/h3>\n<ul>\n<li>Kedd: <strong>16:30-18:00<\/strong><\/li>\n<\/ul>\n<h3>Gyermek gasztroenterol\u00f3gia<\/h3>\n<ul>\n<li>Cs\u00fct\u00f6rt\u00f6k: <strong>2 hetente 16:00-18:00<\/strong><\/li>\n<\/ul>\n<p>[\/vc_column_text][\/vc_column][\/vc_row][vc_row][vc_column][vc_column_text]<\/p>\n<p>[\/vc_column_text][\/vc_column][\/vc_row]<\/p>\n","protected":false},"excerpt":{"rendered":"<p>[vc_row][vc_column][vc_column_text] Kedves P\u00e1cienseink! A Kelen K\u00f3rh\u00e1zba a betegek el\u0151jegyz\u00e9s alapj\u00e1n az el\u0151re egyeztetett id\u0151pontban ker\u00fclnek ell\u00e1t\u00e1sra. Egy-egy beteg ell\u00e1t\u00e1s\u00e1ra 20-30 perc id\u0151t ford\u00edtunk. Amennyiben az egyeztetett id\u0151pontn\u00e1l \u2013 valami akad\u00e1ly miatt \u2013 t\u00f6bb mint 15 perccel k\u00e9s\u0151bb \u00e9rkezn\u00e9nek, k\u00e9rj\u00fck k\u00e9rjenek \u00faj id\u0151pontot, hogy az id\u0151pontra pontosan \u00e9rkez\u0151 beteg ell\u00e1t\u00e1s\u00e1t biztos\u00edtani tudjuk. Rendel\u00e9si id\u0151pontok v\u00e1ltozhatnak,\u00e9rdekl\u0151dj\u00f6n recepci\u00f3nkon.[\/vc_column_text][\/vc_column][\/vc_row][vc_row][vc_column][vc_column_text [&hellip;]<\/p>\n","protected":false},"author":3,"featured_media":0,"parent":7326,"menu_order":0,"comment_status":"closed","ping_status":"closed","template":"","meta":{"_acf_changed":false,"inline_featured_image":false,"_monsterinsights_skip_tracking":false,"_monsterinsights_sitenote_active":false,"_monsterinsights_sitenote_note":"","_monsterinsights_sitenote_category":0,"footnotes":""},"class_list":["post-7416","page","type-page","status-publish","hentry"],"acf":[],"yoast_head":"<!-- This site is optimized with the Yoast SEO plugin v23.5 - https:\/\/yoast.com\/wordpress\/plugins\/seo\/ -->\n<title>Rendel\u00e9si id\u0151k - Kelen K\u00f3rh\u00e1z<\/title>\n<meta name=\"robots\" content=\"index, follow, max-snippet:-1, max-image-preview:large, max-video-preview:-1\" \/>\n<link rel=\"canonical\" href=\"https:\/\/laborcsomagok.kelen.hu\/en\/our-services\/rendelesi-idok\/\" \/>\n<meta property=\"og:locale\" content=\"en_US\" \/>\n<meta property=\"og:type\" content=\"article\" \/>\n<meta property=\"og:title\" content=\"Rendel\u00e9si id\u0151k - Kelen K\u00f3rh\u00e1z\" \/>\n<meta property=\"og:description\" content=\"[vc_row][vc_column][vc_column_text] Kedves P\u00e1cienseink! A Kelen K\u00f3rh\u00e1zba a betegek el\u0151jegyz\u00e9s alapj\u00e1n az el\u0151re egyeztetett id\u0151pontban ker\u00fclnek ell\u00e1t\u00e1sra. Egy-egy beteg ell\u00e1t\u00e1s\u00e1ra 20-30 perc id\u0151t ford\u00edtunk. Amennyiben az egyeztetett id\u0151pontn\u00e1l \u2013 valami akad\u00e1ly miatt \u2013 t\u00f6bb mint 15 perccel k\u00e9s\u0151bb \u00e9rkezn\u00e9nek, k\u00e9rj\u00fck k\u00e9rjenek \u00faj id\u0151pontot, hogy az id\u0151pontra pontosan \u00e9rkez\u0151 beteg ell\u00e1t\u00e1s\u00e1t biztos\u00edtani tudjuk. Rendel\u00e9si id\u0151pontok v\u00e1ltozhatnak,\u00e9rdekl\u0151dj\u00f6n recepci\u00f3nkon.[\/vc_column_text][\/vc_column][\/vc_row][vc_row][vc_column][vc_column_text [&hellip;]\" \/>\n<meta property=\"og:url\" content=\"https:\/\/laborcsomagok.kelen.hu\/en\/our-services\/rendelesi-idok\/\" \/>\n<meta property=\"og:site_name\" content=\"Kelen K\u00f3rh\u00e1z\" \/>\n<meta property=\"article:modified_time\" content=\"2016-06-14T09:01:00+00:00\" \/>\n<meta name=\"twitter:card\" content=\"summary_large_image\" \/>\n<meta name=\"twitter:label1\" content=\"Est. reading time\" \/>\n\t<meta name=\"twitter:data1\" content=\"4 minutes\" \/>\n<script type=\"application\/ld+json\" class=\"yoast-schema-graph\">{\"@context\":\"https:\/\/schema.org\",\"@graph\":[{\"@type\":\"WebPage\",\"@id\":\"https:\/\/laborcsomagok.kelen.hu\/en\/our-services\/rendelesi-idok\/\",\"url\":\"https:\/\/laborcsomagok.kelen.hu\/en\/our-services\/rendelesi-idok\/\",\"name\":\"Rendel\u00e9si id\u0151k - Kelen K\u00f3rh\u00e1z\",\"isPartOf\":{\"@id\":\"https:\/\/laborcsomagok.kelen.hu\/#website\"},\"datePublished\":\"2016-06-09T22:35:53+00:00\",\"dateModified\":\"2016-06-14T09:01:00+00:00\",\"breadcrumb\":{\"@id\":\"https:\/\/laborcsomagok.kelen.hu\/en\/our-services\/rendelesi-idok\/#breadcrumb\"},\"inLanguage\":\"en-US\",\"potentialAction\":[{\"@type\":\"ReadAction\",\"target\":[\"https:\/\/laborcsomagok.kelen.hu\/en\/our-services\/rendelesi-idok\/\"]}]},{\"@type\":\"BreadcrumbList\",\"@id\":\"https:\/\/laborcsomagok.kelen.hu\/en\/our-services\/rendelesi-idok\/#breadcrumb\",\"itemListElement\":[{\"@type\":\"ListItem\",\"position\":1,\"name\":\"Home\",\"item\":\"https:\/\/laborcsomagok.kelen.hu\/en\/\"},{\"@type\":\"ListItem\",\"position\":2,\"name\":\"Our Services\",\"item\":\"https:\/\/laborcsomagok.kelen.hu\/en\/our-services\/\"},{\"@type\":\"ListItem\",\"position\":3,\"name\":\"Rendel\u00e9si id\u0151k\"}]},{\"@type\":\"WebSite\",\"@id\":\"https:\/\/laborcsomagok.kelen.hu\/#website\",\"url\":\"https:\/\/laborcsomagok.kelen.hu\/\",\"name\":\"Kelen K\u00f3rh\u00e1z\",\"description\":false,\"potentialAction\":[{\"@type\":\"SearchAction\",\"target\":{\"@type\":\"EntryPoint\",\"urlTemplate\":\"https:\/\/laborcsomagok.kelen.hu\/?s={search_term_string}\"},\"query-input\":{\"@type\":\"PropertyValueSpecification\",\"valueRequired\":true,\"valueName\":\"search_term_string\"}}],\"inLanguage\":\"en-US\"}]}<\/script>\n<!-- \/ Yoast SEO plugin. -->","yoast_head_json":{"title":"Rendel\u00e9si id\u0151k - Kelen K\u00f3rh\u00e1z","robots":{"index":"index","follow":"follow","max-snippet":"max-snippet:-1","max-image-preview":"max-image-preview:large","max-video-preview":"max-video-preview:-1"},"canonical":"https:\/\/laborcsomagok.kelen.hu\/en\/our-services\/rendelesi-idok\/","og_locale":"en_US","og_type":"article","og_title":"Rendel\u00e9si id\u0151k - Kelen K\u00f3rh\u00e1z","og_description":"[vc_row][vc_column][vc_column_text] Kedves P\u00e1cienseink! A Kelen K\u00f3rh\u00e1zba a betegek el\u0151jegyz\u00e9s alapj\u00e1n az el\u0151re egyeztetett id\u0151pontban ker\u00fclnek ell\u00e1t\u00e1sra. Egy-egy beteg ell\u00e1t\u00e1s\u00e1ra 20-30 perc id\u0151t ford\u00edtunk. Amennyiben az egyeztetett id\u0151pontn\u00e1l \u2013 valami akad\u00e1ly miatt \u2013 t\u00f6bb mint 15 perccel k\u00e9s\u0151bb \u00e9rkezn\u00e9nek, k\u00e9rj\u00fck k\u00e9rjenek \u00faj id\u0151pontot, hogy az id\u0151pontra pontosan \u00e9rkez\u0151 beteg ell\u00e1t\u00e1s\u00e1t biztos\u00edtani tudjuk. Rendel\u00e9si id\u0151pontok v\u00e1ltozhatnak,\u00e9rdekl\u0151dj\u00f6n recepci\u00f3nkon.[\/vc_column_text][\/vc_column][\/vc_row][vc_row][vc_column][vc_column_text [&hellip;]","og_url":"https:\/\/laborcsomagok.kelen.hu\/en\/our-services\/rendelesi-idok\/","og_site_name":"Kelen K\u00f3rh\u00e1z","article_modified_time":"2016-06-14T09:01:00+00:00","twitter_card":"summary_large_image","twitter_misc":{"Est. reading time":"4 minutes"},"schema":{"@context":"https:\/\/schema.org","@graph":[{"@type":"WebPage","@id":"https:\/\/laborcsomagok.kelen.hu\/en\/our-services\/rendelesi-idok\/","url":"https:\/\/laborcsomagok.kelen.hu\/en\/our-services\/rendelesi-idok\/","name":"Rendel\u00e9si id\u0151k - Kelen K\u00f3rh\u00e1z","isPartOf":{"@id":"https:\/\/laborcsomagok.kelen.hu\/#website"},"datePublished":"2016-06-09T22:35:53+00:00","dateModified":"2016-06-14T09:01:00+00:00","breadcrumb":{"@id":"https:\/\/laborcsomagok.kelen.hu\/en\/our-services\/rendelesi-idok\/#breadcrumb"},"inLanguage":"en-US","potentialAction":[{"@type":"ReadAction","target":["https:\/\/laborcsomagok.kelen.hu\/en\/our-services\/rendelesi-idok\/"]}]},{"@type":"BreadcrumbList","@id":"https:\/\/laborcsomagok.kelen.hu\/en\/our-services\/rendelesi-idok\/#breadcrumb","itemListElement":[{"@type":"ListItem","position":1,"name":"Home","item":"https:\/\/laborcsomagok.kelen.hu\/en\/"},{"@type":"ListItem","position":2,"name":"Our Services","item":"https:\/\/laborcsomagok.kelen.hu\/en\/our-services\/"},{"@type":"ListItem","position":3,"name":"Rendel\u00e9si id\u0151k"}]},{"@type":"WebSite","@id":"https:\/\/laborcsomagok.kelen.hu\/#website","url":"https:\/\/laborcsomagok.kelen.hu\/","name":"Kelen K\u00f3rh\u00e1z","description":false,"potentialAction":[{"@type":"SearchAction","target":{"@type":"EntryPoint","urlTemplate":"https:\/\/laborcsomagok.kelen.hu\/?s={search_term_string}"},"query-input":{"@type":"PropertyValueSpecification","valueRequired":true,"valueName":"search_term_string"}}],"inLanguage":"en-US"}]}},"_links":{"self":[{"href":"https:\/\/laborcsomagok.kelen.hu\/en\/wp-json\/wp\/v2\/pages\/7416"}],"collection":[{"href":"https:\/\/laborcsomagok.kelen.hu\/en\/wp-json\/wp\/v2\/pages"}],"about":[{"href":"https:\/\/laborcsomagok.kelen.hu\/en\/wp-json\/wp\/v2\/types\/page"}],"author":[{"embeddable":true,"href":"https:\/\/laborcsomagok.kelen.hu\/en\/wp-json\/wp\/v2\/users\/3"}],"replies":[{"embeddable":true,"href":"https:\/\/laborcsomagok.kelen.hu\/en\/wp-json\/wp\/v2\/comments?post=7416"}],"version-history":[{"count":4,"href":"https:\/\/laborcsomagok.kelen.hu\/en\/wp-json\/wp\/v2\/pages\/7416\/revisions"}],"predecessor-version":[{"id":111031,"href":"https:\/\/laborcsomagok.kelen.hu\/en\/wp-json\/wp\/v2\/pages\/7416\/revisions\/111031"}],"up":[{"embeddable":true,"href":"https:\/\/laborcsomagok.kelen.hu\/en\/wp-json\/wp\/v2\/pages\/7326"}],"wp:attachment":[{"href":"https:\/\/laborcsomagok.kelen.hu\/en\/wp-json\/wp\/v2\/media?parent=7416"}],"curies":[{"name":"wp","href":"https:\/\/api.w.org\/{rel}","templated":true}]}}