{"id":7387,"date":"2016-06-09T22:12:07","date_gmt":"2016-06-09T22:12:07","guid":{"rendered":"https:\/\/laborcsomagok.kelen.hu\/en\/?page_id=7387"},"modified":"2020-05-07T10:07:48","modified_gmt":"2020-05-07T08:07:48","slug":"contact","status":"publish","type":"page","link":"https:\/\/laborcsomagok.kelen.hu\/en\/contact\/","title":{"rendered":"Contact"},"content":{"rendered":"<p>[vc_row][vc_column width=&#8221;1\/2&#8243;]\n<div class=\"wpcf7 no-js\" id=\"wpcf7-f2555-o1\" lang=\"en-US\" dir=\"ltr\">\n<div class=\"screen-reader-response\"><p role=\"status\" aria-live=\"polite\" aria-atomic=\"true\"><\/p> <ul><\/ul><\/div>\n<form action=\"\/en\/wp-json\/wp\/v2\/pages\/7387#wpcf7-f2555-o1\" method=\"post\" class=\"wpcf7-form init form-get-an-appointment\" name=\"form-name\" aria-label=\"Contact form\" novalidate=\"novalidate\" data-status=\"init\">\n<div style=\"display: none;\">\n<input type=\"hidden\" name=\"_wpcf7\" value=\"2555\" \/>\n<input type=\"hidden\" name=\"_wpcf7_version\" value=\"5.9.8\" \/>\n<input type=\"hidden\" name=\"_wpcf7_locale\" value=\"en_US\" \/>\n<input type=\"hidden\" name=\"_wpcf7_unit_tag\" value=\"wpcf7-f2555-o1\" \/>\n<input type=\"hidden\" name=\"_wpcf7_container_post\" value=\"0\" \/>\n<input type=\"hidden\" name=\"_wpcf7_posted_data_hash\" value=\"\" \/>\n<\/div>\n<div class=\"form-group\">\n<div class=\"row\">\n<div class=\"col-md-12\"><label class=\"control-label mll\">Your name <span class=\"required\">*<\/span><\/label><br \/>\n    <span class=\"wpcf7-form-control-wrap\" data-name=\"your-name\"><input size=\"40\" maxlength=\"400\" class=\"wpcf7-form-control wpcf7-text wpcf7-validates-as-required form-control\" aria-required=\"true\" aria-invalid=\"false\" value=\"\" type=\"text\" name=\"your-name\" \/><\/span><\/div>\n<\/div>\n<\/div>\n\n<div class=\"form-group\">\n<div class=\"row\">\n<div class=\"col-md-12\"><label class=\"control-label mll\">Your Email<span class=\"required\">*<\/span><\/label><br \/>\n    <span class=\"wpcf7-form-control-wrap\" data-name=\"your-email\"><input size=\"40\" maxlength=\"400\" class=\"wpcf7-form-control wpcf7-email wpcf7-validates-as-required wpcf7-text wpcf7-validates-as-email form-control\" aria-required=\"true\" aria-invalid=\"false\" value=\"\" type=\"email\" name=\"your-email\" \/><\/span><\/div>\n<\/div>\n<\/div>\n\n<div class=\"form-group\">\n<div class=\"row\">\n<div class=\"col-md-12\"><label class=\"control-label mll\">Subject<span class=\"required\">*<\/span><\/label><br \/>\n    <span class=\"wpcf7-form-control-wrap\" data-name=\"your-subject\"><input size=\"40\" maxlength=\"400\" class=\"wpcf7-form-control wpcf7-text wpcf7-validates-as-required form-control\" aria-required=\"true\" aria-invalid=\"false\" value=\"\" type=\"text\" name=\"your-subject\" \/><\/span><\/div>\n<\/div>\n<\/div>\n\n<div class=\"form-group\">\n<div class=\"row\">\n<div class=\"col-md-12\"><label class=\"control-label mll\">Message<span class=\"required\">*<\/span><\/label><br \/>\n    <span class=\"wpcf7-form-control-wrap\" data-name=\"your-message\"><textarea cols=\"40\" rows=\"10\" maxlength=\"2000\" class=\"wpcf7-form-control wpcf7-textarea wpcf7-validates-as-required form-control\" aria-required=\"true\" aria-invalid=\"false\" name=\"your-message\"><\/textarea><\/span><\/div>\n<\/div>\n<\/div>\n\n<div class=\"form-group\">\n<div class=\"row\">\n<div class=\"col-md-12\">\n\t<span class=\"wpcf7-form-control-wrap\" data-name=\"aszf-elfogadas\"><span class=\"wpcf7-form-control wpcf7-checkbox wpcf7-validates-as-required aszf-checkbox\"><span class=\"wpcf7-list-item first last\"><label><input type=\"checkbox\" name=\"aszf-elfogadas[]\" value=\"Az &lt;a href=&#039;\/adatkezelesi-tajekoztato\/&#039; target=&#039;_blank&#039;&gt;Adatkezel\u00e9si T\u00e1j\u00e9koztat\u00f3t&lt;\/a&gt; elfogadom \u00e9s hozz\u00e1j\u00e1rulok, hogy a Kelen K\u00f3rh\u00e1z a &lt;a href=&#039;https:\/\/laborcsomagok.kelen.hu&#039;&gt;kelen.hu&lt;\/a&gt; weboldal haszn\u00e1lata sor\u00e1n megadott adataimat a jelenleg \u00e9rv\u00e9nyben l\u00e9v\u0151 jogszab\u00e1lyokban meghat\u00e1rozott c\u00e9lb\u00f3l kezelje.*\" \/><span class=\"wpcf7-list-item-label\">Az &lt;a href=&#039;\/adatkezelesi-tajekoztato\/&#039; target=&#039;_blank&#039;&gt;Adatkezel\u00e9si T\u00e1j\u00e9koztat\u00f3t&lt;\/a&gt; elfogadom \u00e9s hozz\u00e1j\u00e1rulok, hogy a Kelen K\u00f3rh\u00e1z a &lt;a href=&#039;https:\/\/laborcsomagok.kelen.hu&#039;&gt;kelen.hu&lt;\/a&gt; weboldal haszn\u00e1lata sor\u00e1n megadott adataimat a jelenleg \u00e9rv\u00e9nyben l\u00e9v\u0151 jogszab\u00e1lyokban meghat\u00e1rozott c\u00e9lb\u00f3l kezelje.*<\/span><\/label><\/span><\/span><\/span>\n<\/div>\n<div class=\"col-md-12\"><p class=\"text-center mtxxl\"><input class=\"wpcf7-form-control wpcf7-submit has-spinner btn btn-outlined\" type=\"submit\" value=\"Submit Message\" \/><\/p><\/div>\t\n<\/div>\n<\/div><div class=\"wpcf7-response-output\" aria-hidden=\"true\"><\/div>\n<\/form>\n<\/div>\n[\/vc_column][vc_column width=&#8221;1\/2&#8243;][vc_column_text]<\/p>\n<h3>Kelen Hospital Ltd.<\/h3>\n<p>[\/vc_column_text][vc_row_inner][vc_column_inner][vc_column_text]<div class=\"kapcsolati_info_sc \"> \n\t\t\t\t<div class=\"icon\"><i class=\"fa fa-map-marker fa-fw\"><\/i> Address:<\/div>\n\t\t\t\t<div class=\"text\">Than K\u00e1roly street 20.<\/div>\n\t\t\t  <\/div><br \/>\n<div class=\"kapcsolati_info_sc \"> \n\t\t\t\t<div class=\"icon\"><i class=\"fa fa-phone fa-fw\"><\/i> Phone:<\/div>\n\t\t\t\t<div class=\"text\">(+36-1) 205-02-05<\/div>\n\t\t\t  <\/div><br \/>\n<div class=\"kapcsolati_info_sc \"> \n\t\t\t\t<div class=\"icon\"><i class=\"fa fa-fax fa-fw\"><\/i> Fax:<\/div>\n\t\t\t\t<div class=\"text\">(+36-1) 203-04-57<\/div>\n\t\t\t  <\/div><br \/>\n<div class=\"kapcsolati_info_sc email\"> \n\t\t\t\t<div class=\"icon\"><i class=\"fa fa-envelope fa-fw\"><\/i> E-mail:<\/div>\n\t\t\t\t<div class=\"text\"><a href=\"mailto:kelen@kelen.hu\">kelen@kelen.hu<\/a><\/div>\n\t\t\t  <\/div>[\/vc_column_text][\/vc_column_inner][\/vc_row_inner][vc_separator][vc_row_inner][vc_column_inner width=&#8221;1\/2&#8243;][vc_column_text]<strong>Public transportation:<\/strong><br \/>\n# 49 tram<br \/>\nBus: # 107E,<br \/>\n7E till the last stop (Kelenf\u00f6ld), from there one stop by # 141 bus[\/vc_column_text][\/vc_column_inner][vc_column_inner width=&#8221;1\/2&#8243;][vc_column_text]<strong>Opening hours:<\/strong><br \/>\nMonday toThursday: 7am \u2013 7pm<br \/>\nFriday: every second week : 7 am- 5 pm<br \/>\nSaturday \u2013 Sunday: closed[\/vc_column_text][\/vc_column_inner][\/vc_row_inner][vc_separator][vc_row_inner][vc_column_inner][vc_column_text]<strong>Parking:<\/strong><br \/>\nOur hospital has 5 parking lot next to the building, and 2 disabled parking lot in front of the hospital. More free parking can be find around the building in the nearby streets.[\/vc_column_text][\/vc_column_inner][\/vc_row_inner][vc_separator][vc_row_inner][vc_column_inner width=&#8221;1\/2&#8243;][vc_column_text]<strong>Executive Director:<\/strong><br \/>\nDr. Tam\u00e1s Sz\u00e9kely<br \/>\n<a href=\"mailto:szekely@kelen.hu\">szekely@kelen.hu<\/a>[\/vc_column_text][\/vc_column_inner][vc_column_inner width=&#8221;1\/2&#8243;][vc_column_text]<strong>Medical Director:<\/strong><br \/>\nDr. Katalin Rapi<br \/>\n<a href=\"mailto:rapi@kelen.hu\">rapi@kelen.hu<\/a>[\/vc_column_text][\/vc_column_inner][\/vc_row_inner][vc_row_inner][vc_column_inner width=&#8221;1\/2&#8243;][vc_column_text]<strong>Director of Nursing:<\/strong><br \/>\nVeronika T\u00f3th<br \/>\n<a href=\"mailto:veronika.toth@kelen.hu\">veronika.toth@kelen.hu<\/a>[\/vc_column_text][\/vc_column_inner][vc_column_inner width=&#8221;1\/2&#8243;][vc_column_text]<strong>Customer service:<\/strong><br \/>\nMari Geszler<br \/>\n<a href=\"mailto:geszler.maria@kelen.hu\">geszler.maria@kelen.hu<\/a>[\/vc_column_text][\/vc_column_inner][\/vc_row_inner][\/vc_column][\/vc_row][vc_row][vc_column][vc_column_text][\/vc_column_text][\/vc_column][\/vc_row]<\/p>\n","protected":false},"excerpt":{"rendered":"<p>[vc_row][vc_column width=&#8221;1\/2&#8243;][\/vc_column][vc_column width=&#8221;1\/2&#8243;][vc_column_text] Kelen Hospital Ltd. [\/vc_column_text][vc_row_inner][vc_column_inner][vc_column_text] [\/vc_column_text][\/vc_column_inner][\/vc_row_inner][vc_separator][vc_row_inner][vc_column_inner width=&#8221;1\/2&#8243;][vc_column_text]Public transportation: # 49 tram Bus: # 107E, 7E till the last stop (Kelenf\u00f6ld), from there one stop by # 141 bus[\/vc_column_text][\/vc_column_inner][vc_column_inner width=&#8221;1\/2&#8243;][vc_column_text]Opening hours: Monday toThursday: 7am \u2013 7pm Friday: every second week : 7 am- 5 pm Saturday \u2013 Sunday: closed[\/vc_column_text][\/vc_column_inner][\/vc_row_inner][vc_separator][vc_row_inner][vc_column_inner][vc_column_text]Parking: Our hospital has 5 parking [&hellip;]<\/p>\n","protected":false},"author":3,"featured_media":0,"parent":0,"menu_order":0,"comment_status":"closed","ping_status":"closed","template":"","meta":{"_acf_changed":false,"inline_featured_image":false,"_monsterinsights_skip_tracking":false,"_monsterinsights_sitenote_active":false,"_monsterinsights_sitenote_note":"","_monsterinsights_sitenote_category":0,"footnotes":""},"class_list":["post-7387","page","type-page","status-publish","hentry"],"acf":[],"yoast_head":"<!-- This site is optimized with the Yoast SEO plugin v23.5 - https:\/\/yoast.com\/wordpress\/plugins\/seo\/ -->\n<title>Contact - Kelen K\u00f3rh\u00e1z<\/title>\n<meta name=\"robots\" content=\"index, follow, max-snippet:-1, max-image-preview:large, max-video-preview:-1\" \/>\n<link rel=\"canonical\" href=\"https:\/\/laborcsomagok.kelen.hu\/en\/contact\/\" \/>\n<meta property=\"og:locale\" content=\"en_US\" \/>\n<meta property=\"og:type\" content=\"article\" \/>\n<meta property=\"og:title\" content=\"Contact - Kelen K\u00f3rh\u00e1z\" \/>\n<meta property=\"og:description\" content=\"[vc_row][vc_column width=&#8221;1\/2&#8243;][\/vc_column][vc_column width=&#8221;1\/2&#8243;][vc_column_text] Kelen Hospital Ltd. [\/vc_column_text][vc_row_inner][vc_column_inner][vc_column_text] [\/vc_column_text][\/vc_column_inner][\/vc_row_inner][vc_separator][vc_row_inner][vc_column_inner width=&#8221;1\/2&#8243;][vc_column_text]Public transportation: # 49 tram Bus: # 107E, 7E till the last stop (Kelenf\u00f6ld), from there one stop by # 141 bus[\/vc_column_text][\/vc_column_inner][vc_column_inner width=&#8221;1\/2&#8243;][vc_column_text]Opening hours: Monday toThursday: 7am \u2013 7pm Friday: every second week : 7 am- 5 pm Saturday \u2013 Sunday: closed[\/vc_column_text][\/vc_column_inner][\/vc_row_inner][vc_separator][vc_row_inner][vc_column_inner][vc_column_text]Parking: Our hospital has 5 parking [&hellip;]\" \/>\n<meta property=\"og:url\" content=\"https:\/\/laborcsomagok.kelen.hu\/en\/contact\/\" \/>\n<meta property=\"og:site_name\" content=\"Kelen K\u00f3rh\u00e1z\" \/>\n<meta property=\"article:modified_time\" content=\"2020-05-07T08:07:48+00:00\" \/>\n<meta name=\"twitter:card\" content=\"summary_large_image\" \/>\n<meta name=\"twitter:label1\" content=\"Est. reading time\" \/>\n\t<meta name=\"twitter:data1\" content=\"2 minutes\" \/>\n<script type=\"application\/ld+json\" class=\"yoast-schema-graph\">{\"@context\":\"https:\/\/schema.org\",\"@graph\":[{\"@type\":\"WebPage\",\"@id\":\"https:\/\/laborcsomagok.kelen.hu\/en\/contact\/\",\"url\":\"https:\/\/laborcsomagok.kelen.hu\/en\/contact\/\",\"name\":\"Contact - Kelen K\u00f3rh\u00e1z\",\"isPartOf\":{\"@id\":\"https:\/\/laborcsomagok.kelen.hu\/#website\"},\"datePublished\":\"2016-06-09T22:12:07+00:00\",\"dateModified\":\"2020-05-07T08:07:48+00:00\",\"breadcrumb\":{\"@id\":\"https:\/\/laborcsomagok.kelen.hu\/en\/contact\/#breadcrumb\"},\"inLanguage\":\"en-US\",\"potentialAction\":[{\"@type\":\"ReadAction\",\"target\":[\"https:\/\/laborcsomagok.kelen.hu\/en\/contact\/\"]}]},{\"@type\":\"BreadcrumbList\",\"@id\":\"https:\/\/laborcsomagok.kelen.hu\/en\/contact\/#breadcrumb\",\"itemListElement\":[{\"@type\":\"ListItem\",\"position\":1,\"name\":\"Home\",\"item\":\"https:\/\/laborcsomagok.kelen.hu\/en\/\"},{\"@type\":\"ListItem\",\"position\":2,\"name\":\"Contact\"}]},{\"@type\":\"WebSite\",\"@id\":\"https:\/\/laborcsomagok.kelen.hu\/#website\",\"url\":\"https:\/\/laborcsomagok.kelen.hu\/\",\"name\":\"Kelen K\u00f3rh\u00e1z\",\"description\":false,\"potentialAction\":[{\"@type\":\"SearchAction\",\"target\":{\"@type\":\"EntryPoint\",\"urlTemplate\":\"https:\/\/laborcsomagok.kelen.hu\/?s={search_term_string}\"},\"query-input\":{\"@type\":\"PropertyValueSpecification\",\"valueRequired\":true,\"valueName\":\"search_term_string\"}}],\"inLanguage\":\"en-US\"}]}<\/script>\n<!-- \/ Yoast SEO plugin. -->","yoast_head_json":{"title":"Contact - Kelen K\u00f3rh\u00e1z","robots":{"index":"index","follow":"follow","max-snippet":"max-snippet:-1","max-image-preview":"max-image-preview:large","max-video-preview":"max-video-preview:-1"},"canonical":"https:\/\/laborcsomagok.kelen.hu\/en\/contact\/","og_locale":"en_US","og_type":"article","og_title":"Contact - Kelen K\u00f3rh\u00e1z","og_description":"[vc_row][vc_column width=&#8221;1\/2&#8243;][\/vc_column][vc_column width=&#8221;1\/2&#8243;][vc_column_text] Kelen Hospital Ltd. [\/vc_column_text][vc_row_inner][vc_column_inner][vc_column_text] [\/vc_column_text][\/vc_column_inner][\/vc_row_inner][vc_separator][vc_row_inner][vc_column_inner width=&#8221;1\/2&#8243;][vc_column_text]Public transportation: # 49 tram Bus: # 107E, 7E till the last stop (Kelenf\u00f6ld), from there one stop by # 141 bus[\/vc_column_text][\/vc_column_inner][vc_column_inner width=&#8221;1\/2&#8243;][vc_column_text]Opening hours: Monday toThursday: 7am \u2013 7pm Friday: every second week : 7 am- 5 pm Saturday \u2013 Sunday: closed[\/vc_column_text][\/vc_column_inner][\/vc_row_inner][vc_separator][vc_row_inner][vc_column_inner][vc_column_text]Parking: Our hospital has 5 parking [&hellip;]","og_url":"https:\/\/laborcsomagok.kelen.hu\/en\/contact\/","og_site_name":"Kelen K\u00f3rh\u00e1z","article_modified_time":"2020-05-07T08:07:48+00:00","twitter_card":"summary_large_image","twitter_misc":{"Est. reading time":"2 minutes"},"schema":{"@context":"https:\/\/schema.org","@graph":[{"@type":"WebPage","@id":"https:\/\/laborcsomagok.kelen.hu\/en\/contact\/","url":"https:\/\/laborcsomagok.kelen.hu\/en\/contact\/","name":"Contact - Kelen K\u00f3rh\u00e1z","isPartOf":{"@id":"https:\/\/laborcsomagok.kelen.hu\/#website"},"datePublished":"2016-06-09T22:12:07+00:00","dateModified":"2020-05-07T08:07:48+00:00","breadcrumb":{"@id":"https:\/\/laborcsomagok.kelen.hu\/en\/contact\/#breadcrumb"},"inLanguage":"en-US","potentialAction":[{"@type":"ReadAction","target":["https:\/\/laborcsomagok.kelen.hu\/en\/contact\/"]}]},{"@type":"BreadcrumbList","@id":"https:\/\/laborcsomagok.kelen.hu\/en\/contact\/#breadcrumb","itemListElement":[{"@type":"ListItem","position":1,"name":"Home","item":"https:\/\/laborcsomagok.kelen.hu\/en\/"},{"@type":"ListItem","position":2,"name":"Contact"}]},{"@type":"WebSite","@id":"https:\/\/laborcsomagok.kelen.hu\/#website","url":"https:\/\/laborcsomagok.kelen.hu\/","name":"Kelen K\u00f3rh\u00e1z","description":false,"potentialAction":[{"@type":"SearchAction","target":{"@type":"EntryPoint","urlTemplate":"https:\/\/laborcsomagok.kelen.hu\/?s={search_term_string}"},"query-input":{"@type":"PropertyValueSpecification","valueRequired":true,"valueName":"search_term_string"}}],"inLanguage":"en-US"}]}},"_links":{"self":[{"href":"https:\/\/laborcsomagok.kelen.hu\/en\/wp-json\/wp\/v2\/pages\/7387"}],"collection":[{"href":"https:\/\/laborcsomagok.kelen.hu\/en\/wp-json\/wp\/v2\/pages"}],"about":[{"href":"https:\/\/laborcsomagok.kelen.hu\/en\/wp-json\/wp\/v2\/types\/page"}],"author":[{"embeddable":true,"href":"https:\/\/laborcsomagok.kelen.hu\/en\/wp-json\/wp\/v2\/users\/3"}],"replies":[{"embeddable":true,"href":"https:\/\/laborcsomagok.kelen.hu\/en\/wp-json\/wp\/v2\/comments?post=7387"}],"version-history":[{"count":15,"href":"https:\/\/laborcsomagok.kelen.hu\/en\/wp-json\/wp\/v2\/pages\/7387\/revisions"}],"predecessor-version":[{"id":17155,"href":"https:\/\/laborcsomagok.kelen.hu\/en\/wp-json\/wp\/v2\/pages\/7387\/revisions\/17155"}],"wp:attachment":[{"href":"https:\/\/laborcsomagok.kelen.hu\/en\/wp-json\/wp\/v2\/media?parent=7387"}],"curies":[{"name":"wp","href":"https:\/\/api.w.org\/{rel}","templated":true}]}}